{"id":716,"date":"2022-01-16T21:22:15","date_gmt":"2022-01-16T21:22:15","guid":{"rendered":"https:\/\/elchtours.net\/?page_id=716"},"modified":"2026-05-06T20:48:31","modified_gmt":"2026-05-06T20:48:31","slug":"elchtours-wetter","status":"publish","type":"page","link":"https:\/\/elchtours.net\/?page_id=716","title":{"rendered":"Elk &#8211; Wetter"},"content":{"rendered":"\n<p class=\"has-medium-font-size\">Scharendijke (NL)<\/p>\n\n\n<style id=\"sp_lw_dynamic_css513\">#splw-location-weather-513.splw-main-wrapper {max-width: 320px;margin : auto;margin-bottom: 2em;}#splw-location-weather-513.splw-main-wrapper.horizontal {max-width: 800px;}#splw-location-weather-513 .splw-lite-wrapper,#splw-location-weather-513 .splw-forecast-weather select,#splw-location-weather-513 .splw-forecast-weather option,#splw-location-weather-513 .splw-lite-wrapper .splw-weather-attribution a{text-decoration: none;}#splw-location-weather-513 .splw-lite-templates-body,#splw-location-weather-513 .splw-adv-forecast-days{padding : 16px 20px 10px 20px;}#splw-location-weather-513 .splw-weather-detailed-updated-time{padding : 0 20px 10px 20px;}#splw-location-weather-513 .splw-lite-wrapper{ border: 0px solid #e2e2e2;}#splw-location-weather-513 .splw-lite-wrapper .splw-lite-current-temp .splw-weather-icon{width: 58px;}#splw-location-weather-513 .splw-lite-wrapper{border-radius: 8px;}#splw-location-weather-513 .splw-lite-daily-weather-details .details-icon i{color:#dfe6e9;}#splw-location-weather-513 .splw-lite-wrapper,#splw-location-weather-513 .splw-forecast-weather option{background:rgba(0,0,0,0.35)}#splw-location-weather-513 .splw-lite-daily-weather-details.lw-center .splw-other-opt{text-align: center;}#splw-location-weather-513 .splw-weather-title{color: #000;margin-top: 0px;margin-bottom: 20px;}#splw-location-weather-513 .splw-lite-header-title{color: #fff;margin-top: 0px;margin-bottom: 10px;}#splw-location-weather-513 .splw-lite-current-time{color: #fff;margin-top: 0px;margin-bottom: 10px;}#splw-location-weather-513 .splw-cur-temp{color: #fff;margin-top: 0px;margin-bottom: 0px;}#splw-location-weather-513 .splw-lite-desc{color: #fff;margin-top: 10px;margin-bottom: 0px;}#splw-location-weather-513 .splw-lite-daily-weather-details{color: #fff;margin-top: 0px;margin-bottom: 0px;}#splw-location-weather-513 .splw-weather-details .splw-weather-icons {color: #4bef00;margin-top: 20px;margin-bottom: 0px;}#splw-location-weather-513 .lw-footer{margin-top: 0px;margin-bottom: 0px;}#splw-location-weather-513 .splw-weather-attribution a,#splw-location-weather-513 .splw-weather-attribution,#splw-location-weather-513 .splw-weather-detailed-updated-time a,#splw-location-weather-513 .splw-weather-updated-time{color: #4bef00;}#splw-location-weather-513.splw-main-wrapper {position: relative;}#lw-preloader-513{position: absolute;left: 0;top: 0;height: 100%;width: 100%;text-align: center;display: flex;align-items: center;justify-content: center;background: #fff;z-index: 9999;}<\/style><div id=\"splw-location-weather-513\" class=\"splw-main-wrapper horizontal\" data-shortcode-id=\"513\">\n\t\t<div id=\"lw-preloader-513\" class=\"lw-preloader\">\n\t\t\t<img loading=\"lazy\" decoding=\"async\" src=\"https:\/\/elchtours.net\/wp-content\/plugins\/location-weather\/assets\/images\/spinner.svg\" class=\"skip-lazy\"  alt=\"loader-image\" width=\"50\" height=\"50\"\/>\n\t\t<\/div>\n\t\t\t<!-- section title html area start -->\n\t<div class=\"splw-weather-title\">\n\t\taktuell\t<\/div>\n<!-- section area end -->\n\t<div class=\"splw-lite-wrapper lw-preloader-wrapper\">\n\t\t<div class=\"splw-lite-templates-body\">\n\t\t\t<div class=\"lw-current-data-area\"><div class=\"splw-lite-header\">\n\t<div class=\"splw-lite-header-title-wrapper\">\n\t\t\t\t<div class=\"splw-lite-header-title\">\n\t\t\tScharendijke, NL\t\t<\/div>\n\t\t<!-- area end -->\n\t\t<!-- Current Date Time area start -->\n\t\t\t\t\t<div class=\"splw-lite-current-time\">\n\t\t\t\t\t\t\t\t<span class=\"lw-time\">15:20,  <\/span>\n\t\t\t\t<!-- time area end -->\n\t\t\t\t\t\t\t\t<span class=\"lw-date\">Mai 7, 2026<\/span>\n\t\t\t\t<!-- date area end -->\n\t\t\t<\/div>\n\t\t<!-- date time area end -->\n\t<\/div>\n<\/div>\n<!-- full area end -->\n<div class=\"splw-lite-current-temp\">\n\t<div class=\"splw-cur-temp\">\n\t\t<!-- weather icon html area start -->\n\t\t\t\t\t<img loading=\"lazy\" decoding=\"async\" src=\"https:\/\/elchtours.net\/wp-content\/plugins\/location-weather\/assets\/images\/icons\/weather-static-icons\/03d.svg\" class=\"splw-weather-icon\" alt=\"temperature icon\" width=\"58\" height=\"58\">\n\t\t<!-- weather icon html area end -->\n\t\t<!-- weather current temperature html area start -->\n\t\t\t\t\t<span class=\"cur-temp\"> \n\t\t\t\t<span class=\"current-temperature\">14<\/span><span class=\"temperature-scale\">\u00b0C<\/span>\t\t\t<\/span>\n\t\t<!-- temperature html area end -->\n\t<\/div>\n<\/div>\n\t<div class=\"splw-lite-desc\">\n\t\tM\u00e4\u00dfig bew\u00f6lkt\t<\/div>\n<\/div><div\n\tclass=\"splw-lite-daily-weather-details  \">\n\t<div class=\"splw-weather-details splw-other-opt\">\n\t\t\t\t<!-- humidity area start -->\n\t\t\t\t\t\t<div class=\"splw-icon-humidity\">\n\t\t\t\t<span class=\"lw-title-wrapper\">\n\t\t\t\t\t<span class=\"details-icon\" title=\"Humidity\"><i class=\"splwp-icon-humidity-1\"><\/i><\/span>\t\t\t\t\t<span class=\"options-title\">Humidity:<\/span>\n\t\t\t\t<\/span>\n\t\t\t\t<span class=\"options-value\">\n\t\t\t\t\t51 %\t\t\t\t<\/span>\n\t\t\t<\/div>\n\t\t\t\t\t\t<!-- humidity area end -->\n\t\t\t<!-- pressure area start -->\n\t\t\t\t\t\t<div class=\"splw-icon-pressure\">\n\t\t\t\t<span class=\"lw-title-wrapper\">\n\t\t\t\t\t<span class=\"details-icon\" title=\"Pressure\"><i class=\"splwp-icon-pressure-1\"><\/i><\/span>\t\t\t\t\t<span class=\"options-title\">Pressure:<\/span>\n\t\t\t\t<\/span>\n\t\t\t\t<span class=\"options-value\">\n\t\t\t\t\t1016 mb\t\t\t\t<\/span>\n\t\t\t<\/div>\n\t\t\t\t\t\t<!-- pressure area end -->\n\t\t\t<!-- wind area start -->\n\t\t\t\t\t\t<div class=\"splw-icon-wind\">\n\t\t\t\t<span class=\"lw-title-wrapper\">\n\t\t\t\t\t<span class=\"details-icon\" title=\"Wind\"><i class=\"splwp-icon-wind-1\"><\/i><\/span>\t\t\t\t\t<span class=\"options-title\">Wind:<\/span>\n\t\t\t\t<\/span>\n\t\t\t\t<span class=\"options-value\">\n\t\t\t\t\t21 Km\/h\t\t\t\t<\/span>\n\t\t\t<\/div>\n\t\t\t\t\t\t<!-- wind area end -->\n\t\t\t\t\t<!-- Wind guest area start -->\n\t\t\t\t<div class=\"splw-gusts-wind\">\n\t\t\t<span class=\"lw-title-wrapper\">\n\t\t\t\t<span class=\"details-icon\" title=\"Wind Gust\"><i class=\"splwp-icon-wind-gust-1\"><\/i><\/span>\t\t\t\t<span class=\"options-title\">Wind Gust:<\/span>\n\t\t\t<\/span>\n\t\t\t<span class=\"options-value\">\n\t\t\t\t19 Km\/h\t\t\t<\/span>\n\t\t<\/div>\n\t\t\t\t<!-- Wind guest area end -->\n\t\t<!-- Clouds area start -->\n\t\t\t\t<div class=\"splw-clouds\">\n\t\t\t<span class=\"lw-title-wrapper\">\n\t\t\t\t<span class=\"details-icon\" title=\"Clouds\"><i class=\"splwp-icon-clouds-1\"><\/i><\/span>\t\t\t\t<span class=\"options-title\">Clouds:<\/span>\n\t\t\t<\/span>\n\t\t\t<span class=\"options-value\">35%<\/span>\n\t\t<\/div>\n\t\t\t\t<!-- Clouds area end -->\n\t\t<!-- Visibility area start -->\n\t\t\t\t<div class=\"splw-visibility\">\n\t\t\t<span class=\"lw-title-wrapper\">\n\t\t\t\t<span class=\"details-icon\" title=\"Visibility\"><i class=\"splwp-icon-visibility-1\"><\/i><\/span>\t\t\t\t<span class=\"options-title\">Visibility:<\/span>\n\t\t\t<\/span>\n\t\t\t<span class=\"options-value\">10 km<\/span>\n\t\t<\/div>\n\t\t\t\t<!-- Visibility area end -->\n\t\t\t\t<div class=\"splw-sunrise\">\n\t\t\t<span class=\"lw-title-wrapper\">\n\t\t\t\t<span class=\"details-icon\" title=\"Sunrise\"><i class=\"splwp-icon-sunrise-1\"><\/i><\/span>\n\t\t\t\t<span class=\"options-title\">Sunrise:<\/span>\n\t\t\t<\/span>\n\t\t\t<span class=\"options-value\">06:05<\/span>\n\t\t<\/div>\n\t\t<div class=\"splw-sunset\">\n\t\t\t<span class=\"lw-title-wrapper\">\n\t\t\t\t<span class=\"details-icon\" title=\"Sunset\"><i class=\"splwp-icon-sunset-1\"><\/i><\/span>\t\t\t\t<span class=\"options-title\">Sunset:<\/span>\n\t\t\t<\/span>\n\t\t\t<span class=\"options-value\">21:17<\/span>\n\t\t<\/div>\n\t\t\t<\/div>\n<\/div>\n\t\t\t<\/div>\n\t\t\t\t<!-- weather detailed and updated html area start -->\n\t<div class=\"lw-footer\">\n\t<!-- weather detailed and updated html area end -->\n<!-- weather attribute html area start -->\n\t\t<div class=\"splw-weather-attribution\">\n\t\t\t\t<a href=\"https:\/\/openweathermap.org\/\" target=\"_blank\">\n\t\t\t\t\t\tWeather from OpenWeatherMap\t\t\t\t<\/a>\n\t\t\t<\/div>\n<!-- weather attribute html area end -->\n<\/div>\n<!-- weather attribute html area end -->\n\t<\/div>\n<\/div>\n\n","protected":false},"excerpt":{"rendered":"<div class=\"entry-summary\">\nScharendijke (NL)\n<\/div>\n<div class=\"link-more\"><a href=\"https:\/\/elchtours.net\/?page_id=716\" class=\"more-link\">Continue reading<span class=\"screen-reader-text\"> &ldquo;Elk &#8211; Wetter&rdquo;<\/span>&hellip;<\/a><\/div>\n","protected":false},"author":10,"featured_media":0,"parent":0,"menu_order":0,"comment_status":"closed","ping_status":"closed","template":"","meta":{"pgc_sgb_lightbox_settings":"","footnotes":""},"class_list":["post-716","page","type-page","status-publish","hentry","entry"],"_links":{"self":[{"href":"https:\/\/elchtours.net\/index.php?rest_route=\/wp\/v2\/pages\/716","targetHints":{"allow":["GET"]}}],"collection":[{"href":"https:\/\/elchtours.net\/index.php?rest_route=\/wp\/v2\/pages"}],"about":[{"href":"https:\/\/elchtours.net\/index.php?rest_route=\/wp\/v2\/types\/page"}],"author":[{"embeddable":true,"href":"https:\/\/elchtours.net\/index.php?rest_route=\/wp\/v2\/users\/10"}],"replies":[{"embeddable":true,"href":"https:\/\/elchtours.net\/index.php?rest_route=%2Fwp%2Fv2%2Fcomments&post=716"}],"version-history":[{"count":9,"href":"https:\/\/elchtours.net\/index.php?rest_route=\/wp\/v2\/pages\/716\/revisions"}],"predecessor-version":[{"id":1529,"href":"https:\/\/elchtours.net\/index.php?rest_route=\/wp\/v2\/pages\/716\/revisions\/1529"}],"wp:attachment":[{"href":"https:\/\/elchtours.net\/index.php?rest_route=%2Fwp%2Fv2%2Fmedia&parent=716"}],"curies":[{"name":"wp","href":"https:\/\/api.w.org\/{rel}","templated":true}]}}